{"id":1109,"date":"2025-07-10T17:08:17","date_gmt":"2025-07-10T07:08:17","guid":{"rendered":"https:\/\/umbrellacare.e.thrivex.io\/?page_id=1109"},"modified":"2025-11-03T14:45:49","modified_gmt":"2025-11-03T04:45:49","slug":"history","status":"publish","type":"page","link":"https:\/\/umbrellacommunitycare.com.au\/pl\/about\/history\/","title":{"rendered":"Historia"},"content":{"rendered":"<div class=\"umbrella-theme block-inner-banner teal\" >\r\n            <div class=\"block-setting-padding block-setting-background-colour\" style=\"--block-padding-top: 180px; --block-padding-bottom: 80px; --block-background-colour: var(--teal);\">\r\n                <div class=\"container-md\">\r\n                    \t\t<div class=\"site-breadcrumbs\">\n\t\t\t<div class=\"flex-layout\">\n\n\t\t\t\t<h6><a href=\"https:\/\/umbrellacommunitycare.com.au\/pl\/\" title=\"Strona g\u0142\u00f3wna\">Strona g\u0142\u00f3wna<\/a><\/h6>\n\t\t\t\t<h6><svg width=\"20\" height=\"20\" viewbox=\"0 0 20 20\" fill=\"none\" xmlns=\"http:\/\/www.w3.org\/2000\/svg\">\n<path class=\"icon\" fill-rule=\"evenodd\" clip-rule=\"evenodd\" d=\"M7.42471 2.82544L15.1318 10.5325L7.42471 18.2397L6.0105 16.8254L12.3034 10.5325L6.0105 4.23965L7.42471 2.82544Z\" fill=\"currentColor\"\/>\n<\/svg>\n<\/h6>\n\n\t\t\t\t<h6><a href=\"https:\/\/umbrellacommunitycare.com.au\/pl\/about\/\">O<\/a><\/h6><h6><svg width=\"20\" height=\"20\" viewbox=\"0 0 20 20\" fill=\"none\" xmlns=\"http:\/\/www.w3.org\/2000\/svg\">\n<path class=\"icon\" fill-rule=\"evenodd\" clip-rule=\"evenodd\" d=\"M7.42471 2.82544L15.1318 10.5325L7.42471 18.2397L6.0105 16.8254L12.3034 10.5325L6.0105 4.23965L7.42471 2.82544Z\" fill=\"currentColor\"\/>\n<\/svg>\n<\/h6><h6>Historia<\/h6>\t\t\t<\/div>\n\t\t<\/div>\n\t \r\n                    <div class=\"banner-content\">\r\n                        <div class=\"wysiwyg-content text-white\">\r\n                                                            <h1>Historia<\/h1>\r\n                            <p>Przez ponad dwie dekady Umbrella Inc. broni\u0142a praw i dobrobytu senior\u00f3w z r\u00f3\u017cnych \u015brodowisk, buduj\u0105c zaufan\u0105, integracyjn\u0105 organizacj\u0119 ukszta\u0142towan\u0105 przez spo\u0142eczno\u015bci, kt\u00f3rym s\u0142u\u017cymy.<\/p>\n                        <\/div>\r\n                    <\/div>\r\n                <\/div>\r\n                                    <div class=\"banner-image\">\r\n                        <img decoding=\"async\" src=\"https:\/\/umbrellacommunitycare.com.au\/wp-content\/uploads\/2025\/06\/about-banner-1536x1046.jpg\" alt=\"\">\r\n                    <\/div>\r\n                            <\/div>\r\n        <\/div>\r\n    \n\n    <div class=\"umbrella-theme block-split-content white\" >\n        <div class=\"block-setting-padding block-setting-background-colour\" style=\"--block-padding-top: 120px; --block-padding-bottom: 0px; --block-background-colour: var(--white);\">\n            <div class=\"container-md\">\n                <div class=\"flex-align-center\">\n                    <div class=\"column column-content\">\n                        <div class=\"wysiwyg-content\">\n                                                <h2><span class=\"highlight-text\" style=\"color: #7d489c;\">Spotkanie<\/span><span style=\"color: #7d489c;\"> Potrzeba inkluzywnej kulturowo opieki nad osobami starszymi<\/span><\/h2>\n                                                                            <\/div>\n                    <\/div>\n                    <div class=\"column column-content\">\n                        <div class=\"wysiwyg-content\">\n                                                                        <\/div>\n                    <\/div>\n                <\/div>\n            <\/div>\n        <\/div>\n    <\/div>\n  \n\n    <div class=\"umbrella-theme block-split-content white\" >\n        <div class=\"block-setting-padding block-setting-background-colour\" style=\"--block-padding-top: 40px; --block-padding-bottom: 80px; --block-background-colour: var(--white);\">\n            <div class=\"container-md\">\n                <div class=\"flex-align-center\">\n                    <div class=\"column column-content\">\n                        <div class=\"wysiwyg-content\">\n                                                <p>Australia jest jednym z najbardziej zr\u00f3\u017cnicowanych kulturowo narod\u00f3w na \u015bwiecie, a spo\u0142eczno\u015bci migrant\u00f3w starzej\u0105 si\u0119 w znacznie szybszym tempie ni\u017c og\u00f3\u0142 populacji. Wed\u0142ug ostatniego spisu ludno\u015bci, ponad 30% australijskiej populacji w wieku 65 lat i starszej pochodzi ze \u015brodowisk zr\u00f3\u017cnicowanych kulturowo i j\u0119zykowo (CaLD).<\/p>\n<p>Pomimo tego, osoby z r\u00f3\u017cnych \u015brodowisk kulturowych i j\u0119zykowych s\u0105 nadal niedostatecznie reprezentowane w us\u0142ugach opieki nad osobami starszymi i maj\u0105 trudno\u015bci ze znalezieniem us\u0142ugodawc\u00f3w, kt\u00f3rzy odpowiadaj\u0105 na ich potrzeby.<\/p>\n<p>Ta potrzeba doprowadzi\u0142a do powstania Umbrella Multicultural Community Care Services Inc. w 2000 roku, a dzi\u015b Umbrella Inc. jest wiod\u0105c\u0105 organizacj\u0105 non-profit zatrudniaj\u0105c\u0105 160 pracownik\u00f3w, 80 wolontariuszy i ponad 1000 klient\u00f3w z 70 kraj\u00f3w.<\/p>\n                                                                            <\/div>\n                    <\/div>\n                    <div class=\"column column-content\">\n                        <div class=\"wysiwyg-content\">\n                                                  <p>Nasze us\u0142ugi \u015bwiadczone s\u0105 przez personel pomocniczy i wolontariuszy, kt\u00f3rzy m\u00f3wi\u0105 w ponad 40 r\u00f3\u017cnych j\u0119zykach i sami pochodz\u0105 ze \u015brodowisk migracyjnych.<\/p>\n<p>Mamy przedstawicieli w krajowych i stanowych grupach doradczych i wsp\u00f3\u0142pracujemy z wieloma innymi organizacjami, aby realizowa\u0107 udane programy, takie jak Care Finder, program Support at Home, Grupy Wsparcia Spo\u0142ecznego i Program Wolontariuszy Opieki nad Osobami Starszymi (Aged Care Voluntary Visitors\u2019 Scheme - ACVVS).<\/p>\n<p>W ci\u0105gu ostatnich 25 lat Umbrella obs\u0142ugiwa\u0142a tysi\u0105ce senior\u00f3w ze spo\u0142eczno\u015bci CaLD i udziela\u0142a porad dotycz\u0105cych \u015bwiadczenia opieki odpowiedniej kulturowo Kr\u00f3lewskiej Komisji ds. jako\u015bci i bezpiecze\u0144stwa opieki nad osobami starszymi.<\/p>\n                                                                        <\/div>\n                    <\/div>\n                <\/div>\n            <\/div>\n        <\/div>\n    <\/div>\n  \n\n        <div class=\"umbrella-theme block-logo-slider\" >\r\n            <div class=\"block-setting-padding block-setting-background-colour\" style=\"--block-padding-top: 40px; --block-padding-bottom: 80px; --block-background-colour: var(--cream);\">\r\n                                    <div class=\"container-lg\">\r\n                        <div class=\"title text-center\">\r\n                            <span>Nasze nagrody<\/span>\r\n                        <\/div>\r\n                    <\/div>\r\n                                <div class=\"swiper-logo\">\r\n                    <div class=\"swiper-wrapper\">\r\n                                                    <div class=\"swiper-slide\">\r\n                                <div class=\"logo-image\">\r\n                                    <img decoding=\"async\" src=\"https:\/\/umbrellacommunitycare.com.au\/wp-content\/uploads\/2025\/06\/logo-5.svg\" alt=\"\" \/>\r\n                                <\/div>\r\n                            <\/div>  \r\n                                                    <div class=\"swiper-slide\">\r\n                                <div class=\"logo-image\">\r\n                                    <img decoding=\"async\" src=\"https:\/\/umbrellacommunitycare.com.au\/wp-content\/uploads\/2025\/06\/logo.svg\" alt=\"\" \/>\r\n                                <\/div>\r\n                            <\/div>  \r\n                                                    <div class=\"swiper-slide\">\r\n                                <div class=\"logo-image\">\r\n                                    <img decoding=\"async\" src=\"https:\/\/umbrellacommunitycare.com.au\/wp-content\/uploads\/2025\/06\/logo-1.svg\" alt=\"\" \/>\r\n                                <\/div>\r\n                            <\/div>  \r\n                                                    <div class=\"swiper-slide\">\r\n                                <div class=\"logo-image\">\r\n                                    <img decoding=\"async\" src=\"https:\/\/umbrellacommunitycare.com.au\/wp-content\/uploads\/2025\/06\/logo-2.svg\" alt=\"\" \/>\r\n                                <\/div>\r\n                            <\/div>  \r\n                                                    <div class=\"swiper-slide\">\r\n                                <div class=\"logo-image\">\r\n                                    <img decoding=\"async\" src=\"https:\/\/umbrellacommunitycare.com.au\/wp-content\/uploads\/2025\/06\/logo-3.svg\" alt=\"\" \/>\r\n                                <\/div>\r\n                            <\/div>  \r\n                                                    <div class=\"swiper-slide\">\r\n                                <div class=\"logo-image\">\r\n                                    <img decoding=\"async\" src=\"https:\/\/umbrellacommunitycare.com.au\/wp-content\/uploads\/2025\/06\/logo-4.svg\" alt=\"\" \/>\r\n                                <\/div>\r\n                            <\/div>  \r\n                                            <\/div>\r\n                <\/div>\r\n            <\/div>\r\n        <\/div>","protected":false},"excerpt":{"rendered":"","protected":false},"author":2,"featured_media":0,"parent":187,"menu_order":5,"comment_status":"closed","ping_status":"closed","template":"","meta":{"_acf_changed":false,"footnotes":""},"class_list":["post-1109","page","type-page","status-publish","hentry"],"acf":[],"yoast_head":"<!-- This site is optimized with the Yoast SEO plugin v27.3 - https:\/\/yoast.com\/product\/yoast-seo-wordpress\/ -->\n<title>History - Umbrella Multicultural Community Care Services Inc<\/title>\n<meta name=\"robots\" content=\"index, follow, max-snippet:-1, max-image-preview:large, max-video-preview:-1\" \/>\n<link rel=\"canonical\" href=\"https:\/\/umbrellacommunitycare.com.au\/pl\/about\/history\/\" \/>\n<meta property=\"og:locale\" content=\"pl_PL\" \/>\n<meta property=\"og:type\" content=\"article\" \/>\n<meta property=\"og:title\" content=\"History - Umbrella Multicultural Community Care Services Inc\" \/>\n<meta property=\"og:url\" content=\"https:\/\/umbrellacommunitycare.com.au\/pl\/about\/history\/\" \/>\n<meta property=\"og:site_name\" content=\"Umbrella Multicultural Community Care Services Inc\" \/>\n<meta property=\"article:modified_time\" content=\"2025-11-03T04:45:49+00:00\" \/>\n<meta property=\"og:image\" content=\"https:\/\/umbrellacommunitycare.com.au\/wp-content\/uploads\/2025\/08\/site-image.jpg\" \/>\n\t<meta property=\"og:image:width\" content=\"1200\" \/>\n\t<meta property=\"og:image:height\" content=\"675\" \/>\n\t<meta property=\"og:image:type\" content=\"image\/jpeg\" \/>\n<meta name=\"twitter:card\" content=\"summary_large_image\" \/>\n<meta name=\"twitter:label1\" content=\"Szacowany czas czytania\" \/>\n\t<meta name=\"twitter:data1\" content=\"3 minuty\" \/>\n<script type=\"application\/ld+json\" class=\"yoast-schema-graph\">{\"@context\":\"https:\\\/\\\/schema.org\",\"@graph\":[{\"@type\":\"WebPage\",\"@id\":\"https:\\\/\\\/umbrellacommunitycare.com.au\\\/about\\\/history\\\/\",\"url\":\"https:\\\/\\\/umbrellacommunitycare.com.au\\\/about\\\/history\\\/\",\"name\":\"History - Umbrella Multicultural Community Care Services Inc\",\"isPartOf\":{\"@id\":\"https:\\\/\\\/umbrellacommunitycare.com.au\\\/#website\"},\"datePublished\":\"2025-07-10T07:08:17+00:00\",\"dateModified\":\"2025-11-03T04:45:49+00:00\",\"breadcrumb\":{\"@id\":\"https:\\\/\\\/umbrellacommunitycare.com.au\\\/about\\\/history\\\/#breadcrumb\"},\"inLanguage\":\"pl-PL\",\"potentialAction\":[{\"@type\":\"ReadAction\",\"target\":[\"https:\\\/\\\/umbrellacommunitycare.com.au\\\/about\\\/history\\\/\"]}]},{\"@type\":\"BreadcrumbList\",\"@id\":\"https:\\\/\\\/umbrellacommunitycare.com.au\\\/about\\\/history\\\/#breadcrumb\",\"itemListElement\":[{\"@type\":\"ListItem\",\"position\":1,\"name\":\"Home\",\"item\":\"https:\\\/\\\/umbrellacommunitycare.com.au\\\/\"},{\"@type\":\"ListItem\",\"position\":2,\"name\":\"About\",\"item\":\"https:\\\/\\\/umbrellacommunitycare.com.au\\\/about\\\/\"},{\"@type\":\"ListItem\",\"position\":3,\"name\":\"History\"}]},{\"@type\":\"WebSite\",\"@id\":\"https:\\\/\\\/umbrellacommunitycare.com.au\\\/#website\",\"url\":\"https:\\\/\\\/umbrellacommunitycare.com.au\\\/\",\"name\":\"Umbrella Multicultural Community Care Services Inc\",\"description\":\"\",\"publisher\":{\"@id\":\"https:\\\/\\\/umbrellacommunitycare.com.au\\\/#organization\"},\"potentialAction\":[{\"@type\":\"SearchAction\",\"target\":{\"@type\":\"EntryPoint\",\"urlTemplate\":\"https:\\\/\\\/umbrellacommunitycare.com.au\\\/?s={search_term_string}\"},\"query-input\":{\"@type\":\"PropertyValueSpecification\",\"valueRequired\":true,\"valueName\":\"search_term_string\"}}],\"inLanguage\":\"pl-PL\"},{\"@type\":\"Organization\",\"@id\":\"https:\\\/\\\/umbrellacommunitycare.com.au\\\/#organization\",\"name\":\"Umbrella Multicultural Community Care Services Inc\",\"url\":\"https:\\\/\\\/umbrellacommunitycare.com.au\\\/\",\"logo\":{\"@type\":\"ImageObject\",\"inLanguage\":\"pl-PL\",\"@id\":\"https:\\\/\\\/umbrellacommunitycare.com.au\\\/#\\\/schema\\\/logo\\\/image\\\/\",\"url\":\"https:\\\/\\\/umbrellacommunitycare.com.au\\\/wp-content\\\/uploads\\\/2025\\\/08\\\/organization-logo.jpg\",\"contentUrl\":\"https:\\\/\\\/umbrellacommunitycare.com.au\\\/wp-content\\\/uploads\\\/2025\\\/08\\\/organization-logo.jpg\",\"width\":696,\"height\":696,\"caption\":\"Umbrella Multicultural Community Care Services Inc\"},\"image\":{\"@id\":\"https:\\\/\\\/umbrellacommunitycare.com.au\\\/#\\\/schema\\\/logo\\\/image\\\/\"}}]}<\/script>\n<!-- \/ Yoast SEO plugin. -->","yoast_head_json":{"title":"Historia - Umbrella Multicultural Community Care Services Inc","robots":{"index":"index","follow":"follow","max-snippet":"max-snippet:-1","max-image-preview":"max-image-preview:large","max-video-preview":"max-video-preview:-1"},"canonical":"https:\/\/umbrellacommunitycare.com.au\/pl\/about\/history\/","og_locale":"pl_PL","og_type":"article","og_title":"History - Umbrella Multicultural Community Care Services Inc","og_url":"https:\/\/umbrellacommunitycare.com.au\/pl\/about\/history\/","og_site_name":"Umbrella Multicultural Community Care Services Inc","article_modified_time":"2025-11-03T04:45:49+00:00","og_image":[{"width":1200,"height":675,"url":"https:\/\/umbrellacommunitycare.com.au\/wp-content\/uploads\/2025\/08\/site-image.jpg","type":"image\/jpeg"}],"twitter_card":"summary_large_image","twitter_misc":{"Szacowany czas czytania":"3 minuty"},"schema":{"@context":"https:\/\/schema.org","@graph":[{"@type":"WebPage","@id":"https:\/\/umbrellacommunitycare.com.au\/about\/history\/","url":"https:\/\/umbrellacommunitycare.com.au\/about\/history\/","name":"Historia - Umbrella Multicultural Community Care Services Inc","isPartOf":{"@id":"https:\/\/umbrellacommunitycare.com.au\/#website"},"datePublished":"2025-07-10T07:08:17+00:00","dateModified":"2025-11-03T04:45:49+00:00","breadcrumb":{"@id":"https:\/\/umbrellacommunitycare.com.au\/about\/history\/#breadcrumb"},"inLanguage":"pl-PL","potentialAction":[{"@type":"ReadAction","target":["https:\/\/umbrellacommunitycare.com.au\/about\/history\/"]}]},{"@type":"BreadcrumbList","@id":"https:\/\/umbrellacommunitycare.com.au\/about\/history\/#breadcrumb","itemListElement":[{"@type":"ListItem","position":1,"name":"Home","item":"https:\/\/umbrellacommunitycare.com.au\/"},{"@type":"ListItem","position":2,"name":"About","item":"https:\/\/umbrellacommunitycare.com.au\/about\/"},{"@type":"ListItem","position":3,"name":"History"}]},{"@type":"WebSite","@id":"https:\/\/umbrellacommunitycare.com.au\/#website","url":"https:\/\/umbrellacommunitycare.com.au\/","name":"Umbrella Multicultural Community Care Services Inc","description":"","publisher":{"@id":"https:\/\/umbrellacommunitycare.com.au\/#organization"},"potentialAction":[{"@type":"SearchAction","target":{"@type":"EntryPoint","urlTemplate":"https:\/\/umbrellacommunitycare.com.au\/?s={search_term_string}"},"query-input":{"@type":"PropertyValueSpecification","valueRequired":true,"valueName":"search_term_string"}}],"inLanguage":"pl-PL"},{"@type":"Organization","@id":"https:\/\/umbrellacommunitycare.com.au\/#organization","name":"Umbrella Multicultural Community Care Services Inc","url":"https:\/\/umbrellacommunitycare.com.au\/","logo":{"@type":"ImageObject","inLanguage":"pl-PL","@id":"https:\/\/umbrellacommunitycare.com.au\/#\/schema\/logo\/image\/","url":"https:\/\/umbrellacommunitycare.com.au\/wp-content\/uploads\/2025\/08\/organization-logo.jpg","contentUrl":"https:\/\/umbrellacommunitycare.com.au\/wp-content\/uploads\/2025\/08\/organization-logo.jpg","width":696,"height":696,"caption":"Umbrella Multicultural Community Care Services Inc"},"image":{"@id":"https:\/\/umbrellacommunitycare.com.au\/#\/schema\/logo\/image\/"}}]}},"_links":{"self":[{"href":"https:\/\/umbrellacommunitycare.com.au\/pl\/wp-json\/wp\/v2\/pages\/1109","targetHints":{"allow":["GET"]}}],"collection":[{"href":"https:\/\/umbrellacommunitycare.com.au\/pl\/wp-json\/wp\/v2\/pages"}],"about":[{"href":"https:\/\/umbrellacommunitycare.com.au\/pl\/wp-json\/wp\/v2\/types\/page"}],"author":[{"embeddable":true,"href":"https:\/\/umbrellacommunitycare.com.au\/pl\/wp-json\/wp\/v2\/users\/2"}],"replies":[{"embeddable":true,"href":"https:\/\/umbrellacommunitycare.com.au\/pl\/wp-json\/wp\/v2\/comments?post=1109"}],"version-history":[{"count":6,"href":"https:\/\/umbrellacommunitycare.com.au\/pl\/wp-json\/wp\/v2\/pages\/1109\/revisions"}],"predecessor-version":[{"id":1759,"href":"https:\/\/umbrellacommunitycare.com.au\/pl\/wp-json\/wp\/v2\/pages\/1109\/revisions\/1759"}],"up":[{"embeddable":true,"href":"https:\/\/umbrellacommunitycare.com.au\/pl\/wp-json\/wp\/v2\/pages\/187"}],"wp:attachment":[{"href":"https:\/\/umbrellacommunitycare.com.au\/pl\/wp-json\/wp\/v2\/media?parent=1109"}],"curies":[{"name":"wp","href":"https:\/\/api.w.org\/{rel}","templated":true}]}}