{"id":353,"date":"2025-06-03T04:10:39","date_gmt":"2025-06-03T04:10:39","guid":{"rendered":"https:\/\/umbrellacare.e.thrivex.io\/?page_id=353"},"modified":"2025-08-18T13:52:05","modified_gmt":"2025-08-18T03:52:05","slug":"terms-conditions","status":"publish","type":"page","link":"https:\/\/umbrellacommunitycare.com.au\/pl\/terms-conditions\/","title":{"rendered":"Regulamin"},"content":{"rendered":"<div class=\"umbrella-theme block-inner-banner teal\" >\r\n            <div class=\"block-setting-padding block-setting-background-colour\" style=\"--block-padding-top: 180px; --block-padding-bottom: 80px; --block-background-colour: var(--teal);\">\r\n                <div class=\"container-md\">\r\n                    \t\t<div class=\"site-breadcrumbs\">\n\t\t\t<div class=\"flex-layout\">\n\n\t\t\t\t<h6><a href=\"https:\/\/umbrellacommunitycare.com.au\/pl\/\" title=\"Strona g\u0142\u00f3wna\">Strona g\u0142\u00f3wna<\/a><\/h6>\n\t\t\t\t<h6><svg width=\"20\" height=\"20\" viewbox=\"0 0 20 20\" fill=\"none\" xmlns=\"http:\/\/www.w3.org\/2000\/svg\">\n<path class=\"icon\" fill-rule=\"evenodd\" clip-rule=\"evenodd\" d=\"M7.42471 2.82544L15.1318 10.5325L7.42471 18.2397L6.0105 16.8254L12.3034 10.5325L6.0105 4.23965L7.42471 2.82544Z\" fill=\"currentColor\"\/>\n<\/svg>\n<\/h6>\n\n\t\t\t\t<h6>Regulamin<\/h6>\t\t\t<\/div>\n\t\t<\/div>\n\t \r\n                    <div class=\"banner-content\">\r\n                        <div class=\"wysiwyg-content text-white\">\r\n                                                            <h1>Regulamin<\/h1>\r\n                                                    <\/div>\r\n                    <\/div>\r\n                <\/div>\r\n                                    <div class=\"banner-image\">\r\n                        <img decoding=\"async\" src=\"https:\/\/umbrellacommunitycare.com.au\/wp-content\/uploads\/2025\/06\/inner-banner-1536x1046.jpg\" alt=\"\">\r\n                    <\/div>\r\n                            <\/div>\r\n        <\/div>\r\n    \n\n        <div class=\"umbrella-theme block-wysiwyg-content cream\" >\n            <div class=\"block-setting-padding block-setting-background-colour\" style=\"--block-padding-top: 120px; --block-padding-bottom: 80px; --block-background-colour: var(--cream);\">\n                <div class=\"container-xs\">\n                    <div class=\"wysiwyg-content\">\n                        <h2><span style=\"color: #7d489c;\">Warunki korzystania z witryny<\/span><\/h2>\n<p>Witamy na naszej stronie internetowej. Niniejsza strona internetowa o adresie URL www.umbrellacommunitycare.com.au jest w\u0142asno\u015bci\u0105 i jest zarz\u0105dzana przez Umbrella Multicultural Community Care Services Inc (49273405997). Kontynuuj\u0105c korzystanie z tej witryny, zgadzasz si\u0119 przestrzega\u0107 nast\u0119puj\u0105cych warunk\u00f3w u\u017cytkowania, kt\u00f3re wraz z nasz\u0105 polityk\u0105 prywatno\u015bci reguluj\u0105 relacje Umbrella Multicultural Community Care Services Inc. z Tob\u0105 w zwi\u0105zku z t\u0105 witryn\u0105. Je\u015bli nie zgadzasz si\u0119 z kt\u00f3rymkolwiek z tych warunk\u00f3w, nie korzystaj z naszej strony internetowej.<\/p>\n<p>Termin \"Umbrella Multicultural Community Care Services Inc.\" lub \"nas\" lub \"nasz\" lub \"my\" odnosi si\u0119 do Umbrella Multicultural Community Care Services Inc. w\u0142a\u015bciciela strony internetowej, kt\u00f3rego siedziba znajduje si\u0119 pod adresem 49273405997, Australia Zachodnia. Termin \"Ty\" lub \"Tw\u00f3j\" odnosi si\u0119 do u\u017cytkownika strony internetowej.<br \/>\nKorzystanie z tej witryny podlega nast\u0119puj\u0105cym warunkom:<\/p>\n<ol>\n<li>Zawarto\u015b\u0107 tej strony internetowej jest przeznaczona wy\u0142\u0105cznie do og\u00f3lnych informacji i u\u017cytku. Mo\u017ce ona ulec zmianie bez wcze\u015bniejszego powiadomienia.<\/li>\n<li>Ta strona wykorzystuje pliki cookie do monitorowania preferencji przegl\u0105dania. Je\u015bli u\u017cytkownik zezwoli na korzystanie z plik\u00f3w cookie, nast\u0119puj\u0105ce dane osobowe mog\u0105 by\u0107 przechowywane przez nas do wykorzystania przez osoby trzecie: 39 Abernethy Road Belmont, WA, 6104.<\/li>\n<li>Ani my, ani osoby trzecie nie udzielamy \u017cadnej gwarancji ani r\u0119kojmi co do wydajno\u015bci, dok\u0142adno\u015bci, aktualno\u015bci, kompletno\u015bci lub przydatno\u015bci informacji i materia\u0142\u00f3w znalezionych lub oferowanych na tej stronie internetowej do jakiegokolwiek konkretnego celu. U\u017cytkownik niniejszym przyjmuje do wiadomo\u015bci, \u017ce takie informacje i materia\u0142y mog\u0105 zawiera\u0107 b\u0142\u0119dy, nie\u015bcis\u0142o\u015bci lub pomy\u0142ki, a my wyra\u017anie wy\u0142\u0105czamy wszelk\u0105 odpowiedzialno\u015b\u0107 z tego tytu\u0142u w najszerszym zakresie dozwolonym przez prawo.<\/li>\n<li>U\u017cytkownik korzysta z wszelkich informacji lub materia\u0142\u00f3w zawartych na niniejszej stronie internetowej wy\u0142\u0105cznie na w\u0142asne ryzyko, za kt\u00f3re nie ponosimy odpowiedzialno\u015bci. U\u017cytkownik ponosi odpowiedzialno\u015b\u0107 za upewnienie si\u0119, \u017ce wszelkie produkty, us\u0142ugi lub informacje dost\u0119pne za po\u015brednictwem niniejszej witryny internetowej spe\u0142niaj\u0105 jego okre\u015blone wymagania.<\/li>\n<li>Niniejsza strona internetowa zawiera materia\u0142y, kt\u00f3re s\u0105 nasz\u0105 w\u0142asno\u015bci\u0105 lub s\u0105 przez nas licencjonowane. Materia\u0142y te obejmuj\u0105 mi\u0119dzy innymi tre\u015b\u0107, projekt, uk\u0142ad, wygl\u0105d, wygl\u0105d i grafik\u0119 witryny. Jakiekolwiek powielanie materia\u0142\u00f3w zawartych na stronie internetowej jest zabronione w spos\u00f3b inny ni\u017c zgodnie z informacj\u0105 o prawach autorskich, kt\u00f3ra stanowi cz\u0119\u015b\u0107 niniejszych warunk\u00f3w.<\/li>\n<li>Wszystkie znaki towarowe reprodukowane na tej stronie internetowej, kt\u00f3re nie s\u0105 nasz\u0105 w\u0142asno\u015bci\u0105 ani nie s\u0105 przez nas licencjonowane, s\u0105 potwierdzone na stronie internetowej.<\/li>\n<li>Nieautoryzowane korzystanie z tej strony internetowej mo\u017ce stanowi\u0107 przest\u0119pstwo i\/lub by\u0107 podstaw\u0105 do roszczenia o odszkodowanie.<\/li>\n<li>Niniejsza witryna internetowa mo\u017ce czasami zawiera\u0107 \u0142\u0105cza do innych witryn internetowych, kt\u00f3re nie s\u0105 przez nas kontrolowane. \u0141\u0105cza te s\u0105 udost\u0119pniane dla wygody u\u017cytkownika w celu dostarczenia mu dalszych informacji. U\u017cytkownik przyjmuje do wiadomo\u015bci, \u017ce korzysta z nich na w\u0142asne ryzyko. Nie oznaczaj\u0105 one, \u017ce zalecamy lub popieramy te witryny. Nie mamy kontroli nad charakterem, zawarto\u015bci\u0105 i dost\u0119pno\u015bci\u0105 tych witryn.<\/li>\n<li>Korzystanie z niniejszej strony internetowej oraz wszelkie spory wynikaj\u0105ce z korzystania z niej podlegaj\u0105 prawu Australii Zachodniej.<\/li>\n<li>\u00a0U\u017cytkownik mo\u017ce korzysta\u0107 z witryny wy\u0142\u0105cznie w celach zgodnych z prawem oraz w spos\u00f3b zgodny z charakterem i celem witryny.<\/li>\n<li>Niniejsze warunki nie odnosz\u0105 si\u0119 do korzystania z jakichkolwiek produkt\u00f3w lub us\u0142ug opisanych na naszej stronie internetowej, chyba \u017ce uzgodniono inaczej. Nale\u017cy zapozna\u0107 si\u0119 z indywidualn\u0105 gwarancj\u0105 dotycz\u0105c\u0105 konkretnego produktu lub us\u0142ugi.<\/li>\n<li>\u00a0Niniejsze warunki mog\u0105 by\u0107 okresowo zmieniane. Dalsze korzystanie z naszej strony internetowej po wprowadzeniu takich zmian b\u0119dzie uwa\u017cane za potwierdzenie, \u017ce u\u017cytkownik akceptuje te zmiany.<\/li>\n<li>\u00a0U\u017cytkownik zabezpiecza nas przed wszelkimi roszczeniami, pozwami s\u0105dowymi, \u017c\u0105daniami, dzia\u0142aniami, zobowi\u0105zaniami, kosztami i wydatkami (w tym kosztami i wydatkami prawnymi na zasadzie pe\u0142nego odszkodowania) wynikaj\u0105cymi z korzystania z witryny.<\/li>\n<li>\u00a0W \u017cadnym wypadku nie b\u0119dziemy ponosi\u0107 odpowiedzialno\u015bci za jakiekolwiek straty, szkody, koszty lub wydatki, w tym koszty i wydatki prawne (bezpo\u015brednie lub po\u015brednie) poniesione przez u\u017cytkownika w zwi\u0105zku z korzystaniem z tej witryny.<\/li>\n<li>\u00a0Dok\u0142adamy wszelkich stara\u0144, aby strona dzia\u0142a\u0142a sprawnie. Nie ponosimy jednak odpowiedzialno\u015bci za tymczasow\u0105 niedost\u0119pno\u015b\u0107 strony z przyczyn technicznych, na kt\u00f3re nie mamy wp\u0142ywu.<\/li>\n<\/ol>\n                    <\/div>\n                <\/div>\n            <\/div>\n        <\/div>","protected":false},"excerpt":{"rendered":"","protected":false},"author":2,"featured_media":0,"parent":0,"menu_order":15,"comment_status":"closed","ping_status":"closed","template":"","meta":{"_acf_changed":false,"footnotes":""},"class_list":["post-353","page","type-page","status-publish","hentry"],"acf":[],"yoast_head":"<!-- This site is optimized with the Yoast SEO plugin v27.3 - https:\/\/yoast.com\/product\/yoast-seo-wordpress\/ -->\n<title>Terms &amp; Conditions - Umbrella Multicultural Community Care Services Inc<\/title>\n<meta name=\"robots\" content=\"index, follow, max-snippet:-1, max-image-preview:large, max-video-preview:-1\" \/>\n<link rel=\"canonical\" href=\"https:\/\/umbrellacommunitycare.com.au\/pl\/terms-conditions\/\" \/>\n<meta property=\"og:locale\" content=\"pl_PL\" \/>\n<meta property=\"og:type\" content=\"article\" \/>\n<meta property=\"og:title\" content=\"Terms &amp; Conditions - Umbrella Multicultural Community Care Services Inc\" \/>\n<meta property=\"og:url\" content=\"https:\/\/umbrellacommunitycare.com.au\/pl\/terms-conditions\/\" \/>\n<meta property=\"og:site_name\" content=\"Umbrella Multicultural Community Care Services Inc\" \/>\n<meta property=\"article:modified_time\" content=\"2025-08-18T03:52:05+00:00\" \/>\n<meta property=\"og:image\" content=\"https:\/\/umbrellacommunitycare.com.au\/wp-content\/uploads\/2025\/08\/site-image.jpg\" \/>\n\t<meta property=\"og:image:width\" content=\"1200\" \/>\n\t<meta property=\"og:image:height\" content=\"675\" \/>\n\t<meta property=\"og:image:type\" content=\"image\/jpeg\" \/>\n<meta name=\"twitter:card\" content=\"summary_large_image\" \/>\n<meta name=\"twitter:label1\" content=\"Szacowany czas czytania\" \/>\n\t<meta name=\"twitter:data1\" content=\"4 minuty\" \/>\n<script type=\"application\/ld+json\" class=\"yoast-schema-graph\">{\"@context\":\"https:\\\/\\\/schema.org\",\"@graph\":[{\"@type\":\"WebPage\",\"@id\":\"https:\\\/\\\/umbrellacommunitycare.com.au\\\/terms-conditions\\\/\",\"url\":\"https:\\\/\\\/umbrellacommunitycare.com.au\\\/terms-conditions\\\/\",\"name\":\"Terms &amp; Conditions - Umbrella Multicultural Community Care Services Inc\",\"isPartOf\":{\"@id\":\"https:\\\/\\\/umbrellacommunitycare.com.au\\\/#website\"},\"datePublished\":\"2025-06-03T04:10:39+00:00\",\"dateModified\":\"2025-08-18T03:52:05+00:00\",\"breadcrumb\":{\"@id\":\"https:\\\/\\\/umbrellacommunitycare.com.au\\\/terms-conditions\\\/#breadcrumb\"},\"inLanguage\":\"pl-PL\",\"potentialAction\":[{\"@type\":\"ReadAction\",\"target\":[\"https:\\\/\\\/umbrellacommunitycare.com.au\\\/terms-conditions\\\/\"]}]},{\"@type\":\"BreadcrumbList\",\"@id\":\"https:\\\/\\\/umbrellacommunitycare.com.au\\\/terms-conditions\\\/#breadcrumb\",\"itemListElement\":[{\"@type\":\"ListItem\",\"position\":1,\"name\":\"Home\",\"item\":\"https:\\\/\\\/umbrellacommunitycare.com.au\\\/\"},{\"@type\":\"ListItem\",\"position\":2,\"name\":\"Terms &amp; Conditions\"}]},{\"@type\":\"WebSite\",\"@id\":\"https:\\\/\\\/umbrellacommunitycare.com.au\\\/#website\",\"url\":\"https:\\\/\\\/umbrellacommunitycare.com.au\\\/\",\"name\":\"Umbrella Multicultural Community Care Services Inc\",\"description\":\"\",\"publisher\":{\"@id\":\"https:\\\/\\\/umbrellacommunitycare.com.au\\\/#organization\"},\"potentialAction\":[{\"@type\":\"SearchAction\",\"target\":{\"@type\":\"EntryPoint\",\"urlTemplate\":\"https:\\\/\\\/umbrellacommunitycare.com.au\\\/?s={search_term_string}\"},\"query-input\":{\"@type\":\"PropertyValueSpecification\",\"valueRequired\":true,\"valueName\":\"search_term_string\"}}],\"inLanguage\":\"pl-PL\"},{\"@type\":\"Organization\",\"@id\":\"https:\\\/\\\/umbrellacommunitycare.com.au\\\/#organization\",\"name\":\"Umbrella Multicultural Community Care Services Inc\",\"url\":\"https:\\\/\\\/umbrellacommunitycare.com.au\\\/\",\"logo\":{\"@type\":\"ImageObject\",\"inLanguage\":\"pl-PL\",\"@id\":\"https:\\\/\\\/umbrellacommunitycare.com.au\\\/#\\\/schema\\\/logo\\\/image\\\/\",\"url\":\"https:\\\/\\\/umbrellacommunitycare.com.au\\\/wp-content\\\/uploads\\\/2025\\\/08\\\/organization-logo.jpg\",\"contentUrl\":\"https:\\\/\\\/umbrellacommunitycare.com.au\\\/wp-content\\\/uploads\\\/2025\\\/08\\\/organization-logo.jpg\",\"width\":696,\"height\":696,\"caption\":\"Umbrella Multicultural Community Care Services Inc\"},\"image\":{\"@id\":\"https:\\\/\\\/umbrellacommunitycare.com.au\\\/#\\\/schema\\\/logo\\\/image\\\/\"}}]}<\/script>\n<!-- \/ Yoast SEO plugin. -->","yoast_head_json":{"title":"Terms &amp; Conditions - Umbrella Multicultural Community Care Services Inc","robots":{"index":"index","follow":"follow","max-snippet":"max-snippet:-1","max-image-preview":"max-image-preview:large","max-video-preview":"max-video-preview:-1"},"canonical":"https:\/\/umbrellacommunitycare.com.au\/pl\/terms-conditions\/","og_locale":"pl_PL","og_type":"article","og_title":"Terms &amp; Conditions - Umbrella Multicultural Community Care Services Inc","og_url":"https:\/\/umbrellacommunitycare.com.au\/pl\/terms-conditions\/","og_site_name":"Umbrella Multicultural Community Care Services Inc","article_modified_time":"2025-08-18T03:52:05+00:00","og_image":[{"width":1200,"height":675,"url":"https:\/\/umbrellacommunitycare.com.au\/wp-content\/uploads\/2025\/08\/site-image.jpg","type":"image\/jpeg"}],"twitter_card":"summary_large_image","twitter_misc":{"Szacowany czas czytania":"4 minuty"},"schema":{"@context":"https:\/\/schema.org","@graph":[{"@type":"WebPage","@id":"https:\/\/umbrellacommunitycare.com.au\/terms-conditions\/","url":"https:\/\/umbrellacommunitycare.com.au\/terms-conditions\/","name":"Terms &amp; Conditions - Umbrella Multicultural Community Care Services Inc","isPartOf":{"@id":"https:\/\/umbrellacommunitycare.com.au\/#website"},"datePublished":"2025-06-03T04:10:39+00:00","dateModified":"2025-08-18T03:52:05+00:00","breadcrumb":{"@id":"https:\/\/umbrellacommunitycare.com.au\/terms-conditions\/#breadcrumb"},"inLanguage":"pl-PL","potentialAction":[{"@type":"ReadAction","target":["https:\/\/umbrellacommunitycare.com.au\/terms-conditions\/"]}]},{"@type":"BreadcrumbList","@id":"https:\/\/umbrellacommunitycare.com.au\/terms-conditions\/#breadcrumb","itemListElement":[{"@type":"ListItem","position":1,"name":"Home","item":"https:\/\/umbrellacommunitycare.com.au\/"},{"@type":"ListItem","position":2,"name":"Terms &amp; Conditions"}]},{"@type":"WebSite","@id":"https:\/\/umbrellacommunitycare.com.au\/#website","url":"https:\/\/umbrellacommunitycare.com.au\/","name":"Umbrella Multicultural Community Care Services Inc","description":"","publisher":{"@id":"https:\/\/umbrellacommunitycare.com.au\/#organization"},"potentialAction":[{"@type":"SearchAction","target":{"@type":"EntryPoint","urlTemplate":"https:\/\/umbrellacommunitycare.com.au\/?s={search_term_string}"},"query-input":{"@type":"PropertyValueSpecification","valueRequired":true,"valueName":"search_term_string"}}],"inLanguage":"pl-PL"},{"@type":"Organization","@id":"https:\/\/umbrellacommunitycare.com.au\/#organization","name":"Umbrella Multicultural Community Care Services Inc","url":"https:\/\/umbrellacommunitycare.com.au\/","logo":{"@type":"ImageObject","inLanguage":"pl-PL","@id":"https:\/\/umbrellacommunitycare.com.au\/#\/schema\/logo\/image\/","url":"https:\/\/umbrellacommunitycare.com.au\/wp-content\/uploads\/2025\/08\/organization-logo.jpg","contentUrl":"https:\/\/umbrellacommunitycare.com.au\/wp-content\/uploads\/2025\/08\/organization-logo.jpg","width":696,"height":696,"caption":"Umbrella Multicultural Community Care Services Inc"},"image":{"@id":"https:\/\/umbrellacommunitycare.com.au\/#\/schema\/logo\/image\/"}}]}},"_links":{"self":[{"href":"https:\/\/umbrellacommunitycare.com.au\/pl\/wp-json\/wp\/v2\/pages\/353","targetHints":{"allow":["GET"]}}],"collection":[{"href":"https:\/\/umbrellacommunitycare.com.au\/pl\/wp-json\/wp\/v2\/pages"}],"about":[{"href":"https:\/\/umbrellacommunitycare.com.au\/pl\/wp-json\/wp\/v2\/types\/page"}],"author":[{"embeddable":true,"href":"https:\/\/umbrellacommunitycare.com.au\/pl\/wp-json\/wp\/v2\/users\/2"}],"replies":[{"embeddable":true,"href":"https:\/\/umbrellacommunitycare.com.au\/pl\/wp-json\/wp\/v2\/comments?post=353"}],"version-history":[{"count":16,"href":"https:\/\/umbrellacommunitycare.com.au\/pl\/wp-json\/wp\/v2\/pages\/353\/revisions"}],"predecessor-version":[{"id":1615,"href":"https:\/\/umbrellacommunitycare.com.au\/pl\/wp-json\/wp\/v2\/pages\/353\/revisions\/1615"}],"wp:attachment":[{"href":"https:\/\/umbrellacommunitycare.com.au\/pl\/wp-json\/wp\/v2\/media?parent=353"}],"curies":[{"name":"wp","href":"https:\/\/api.w.org\/{rel}","templated":true}]}}