{"id":355,"date":"2025-06-03T04:10:48","date_gmt":"2025-06-03T04:10:48","guid":{"rendered":"https:\/\/umbrellacare.e.thrivex.io\/?page_id=355"},"modified":"2025-08-18T13:52:28","modified_gmt":"2025-08-18T03:52:28","slug":"privacy-policy","status":"publish","type":"page","link":"https:\/\/umbrellacommunitycare.com.au\/pl\/privacy-policy\/","title":{"rendered":"Polityka prywatno\u015bci"},"content":{"rendered":"<div class=\"umbrella-theme block-inner-banner purple\" >\r\n            <div class=\"block-setting-padding block-setting-background-colour\" style=\"--block-padding-top: 180px; --block-padding-bottom: 80px; --block-background-colour: var(--purple);\">\r\n                <div class=\"container-md\">\r\n                    \t\t<div class=\"site-breadcrumbs\">\n\t\t\t<div class=\"flex-layout\">\n\n\t\t\t\t<h6><a href=\"https:\/\/umbrellacommunitycare.com.au\/pl\/\" title=\"Strona g\u0142\u00f3wna\">Strona g\u0142\u00f3wna<\/a><\/h6>\n\t\t\t\t<h6><svg width=\"20\" height=\"20\" viewbox=\"0 0 20 20\" fill=\"none\" xmlns=\"http:\/\/www.w3.org\/2000\/svg\">\n<path class=\"icon\" fill-rule=\"evenodd\" clip-rule=\"evenodd\" d=\"M7.42471 2.82544L15.1318 10.5325L7.42471 18.2397L6.0105 16.8254L12.3034 10.5325L6.0105 4.23965L7.42471 2.82544Z\" fill=\"currentColor\"\/>\n<\/svg>\n<\/h6>\n\n\t\t\t\t<h6>Polityka prywatno\u015bci<\/h6>\t\t\t<\/div>\n\t\t<\/div>\n\t \r\n                    <div class=\"banner-content\">\r\n                        <div class=\"wysiwyg-content text-white\">\r\n                                                            <h1>Polityka prywatno\u015bci<\/h1>\r\n                                                    <\/div>\r\n                    <\/div>\r\n                <\/div>\r\n                                    <div class=\"banner-image\">\r\n                        <img decoding=\"async\" src=\"https:\/\/umbrellacommunitycare.com.au\/wp-content\/uploads\/2025\/06\/inner-banner-1536x1046.jpg\" alt=\"\">\r\n                    <\/div>\r\n                            <\/div>\r\n        <\/div>\r\n    \n\n        <div class=\"umbrella-theme block-wysiwyg-content cream\" >\n            <div class=\"block-setting-padding block-setting-background-colour\" style=\"--block-padding-top: 120px; --block-padding-bottom: 80px; --block-background-colour: var(--cream);\">\n                <div class=\"container-xs\">\n                    <div class=\"wysiwyg-content\">\n                        <h2><span style=\"color: #7d489c;\">Prywatno\u015b\u0107<\/span><\/h2>\n<p>Prywatno\u015b\u0107 u\u017cytkownik\u00f3w jest dla nas wa\u017cna. Polityk\u0105 Umbrella Care jest poszanowanie prywatno\u015bci u\u017cytkownika w odniesieniu do wszelkich informacji, kt\u00f3re mo\u017cemy gromadzi\u0107 od u\u017cytkownika za po\u015brednictwem naszej witryny internetowej, https:\/\/umbrellacommunitycare.com.au\/ oraz innych witryn, kt\u00f3re posiadamy i obs\u0142ugujemy.<\/p>\n<p>Prosimy o podanie danych osobowych tylko wtedy, gdy s\u0105 one naprawd\u0119 potrzebne do \u015bwiadczenia us\u0142ug na rzecz u\u017cytkownika. Gromadzimy je w spos\u00f3b uczciwy i zgodny z prawem, za wiedz\u0105 i zgod\u0105 u\u017cytkownika. Informujemy r\u00f3wnie\u017c, dlaczego je zbieramy i w jaki spos\u00f3b b\u0119d\u0105 one wykorzystywane.<\/p>\n<p>Zebrane informacje przechowujemy tylko tak d\u0142ugo, jak jest to konieczne do \u015bwiadczenia \u017c\u0105danej us\u0142ugi. Dane, kt\u00f3re przechowujemy, chronimy za pomoc\u0105 komercyjnie akceptowalnych \u015brodk\u00f3w, aby zapobiec ich utracie i kradzie\u017cy, a tak\u017ce nieautoryzowanemu dost\u0119powi, ujawnieniu, kopiowaniu, wykorzystaniu lub modyfikacji.<\/p>\n<p>Nie udost\u0119pniamy \u017cadnych danych osobowych publicznie ani stronom trzecim, chyba \u017ce jest to wymagane przez prawo.<\/p>\n<p>Nasza witryna internetowa mo\u017ce zawiera\u0107 \u0142\u0105cza do witryn zewn\u0119trznych, kt\u00f3re nie s\u0105 przez nas obs\u0142ugiwane. Nale\u017cy pami\u0119ta\u0107, \u017ce nie mamy kontroli nad tre\u015bci\u0105 i praktykami tych witryn i nie mo\u017cemy przyj\u0105\u0107 odpowiedzialno\u015bci za ich polityk\u0119 prywatno\u015bci.<\/p>\n<p>U\u017cytkownik mo\u017ce odrzuci\u0107 nasz\u0105 pro\u015bb\u0119 o podanie jego danych osobowych, maj\u0105c \u015bwiadomo\u015b\u0107, \u017ce mo\u017cemy nie by\u0107 w stanie zapewni\u0107 mu niekt\u00f3rych po\u017c\u0105danych us\u0142ug.<\/p>\n<p>Dalsze korzystanie z naszej witryny b\u0119dzie traktowane jako akceptacja naszych praktyk dotycz\u0105cych prywatno\u015bci i danych osobowych. Je\u015bli masz jakiekolwiek pytania dotycz\u0105ce sposobu, w jaki przetwarzamy dane u\u017cytkownik\u00f3w i dane osobowe, skontaktuj si\u0119 z nami.<\/p>\n<p>Niniejsza polityka dotyczy\u00a0<a href=\"https:\/\/umbrellacommunitycare.com.au\/pl\/\">Piel\u0119gnacja parasoli - https:\/\/umbrellacommunitycare.com.au\/<\/a>\u00a0obowi\u0105zuj\u0105cy od 2025 roku.<\/p>\n                    <\/div>\n                <\/div>\n            <\/div>\n        <\/div>","protected":false},"excerpt":{"rendered":"","protected":false},"author":2,"featured_media":0,"parent":0,"menu_order":12,"comment_status":"closed","ping_status":"closed","template":"","meta":{"_acf_changed":false,"footnotes":""},"class_list":["post-355","page","type-page","status-publish","hentry"],"acf":[],"yoast_head":"<!-- This site is optimized with the Yoast SEO plugin v27.3 - https:\/\/yoast.com\/product\/yoast-seo-wordpress\/ -->\n<title>Privacy Policy - Umbrella Multicultural Community Care Services Inc<\/title>\n<meta name=\"robots\" content=\"index, follow, max-snippet:-1, max-image-preview:large, max-video-preview:-1\" \/>\n<link rel=\"canonical\" href=\"https:\/\/umbrellacommunitycare.com.au\/pl\/privacy-policy\/\" \/>\n<meta property=\"og:locale\" content=\"pl_PL\" \/>\n<meta property=\"og:type\" content=\"article\" \/>\n<meta property=\"og:title\" content=\"Privacy Policy - Umbrella Multicultural Community Care Services Inc\" \/>\n<meta property=\"og:url\" content=\"https:\/\/umbrellacommunitycare.com.au\/pl\/privacy-policy\/\" \/>\n<meta property=\"og:site_name\" content=\"Umbrella Multicultural Community Care Services Inc\" \/>\n<meta property=\"article:modified_time\" content=\"2025-08-18T03:52:28+00:00\" \/>\n<meta property=\"og:image\" content=\"https:\/\/umbrellacommunitycare.com.au\/wp-content\/uploads\/2025\/08\/site-image.jpg\" \/>\n\t<meta property=\"og:image:width\" content=\"1200\" \/>\n\t<meta property=\"og:image:height\" content=\"675\" \/>\n\t<meta property=\"og:image:type\" content=\"image\/jpeg\" \/>\n<meta name=\"twitter:card\" content=\"summary_large_image\" \/>\n<meta name=\"twitter:label1\" content=\"Szacowany czas czytania\" \/>\n\t<meta name=\"twitter:data1\" content=\"2 minuty\" \/>\n<script type=\"application\/ld+json\" class=\"yoast-schema-graph\">{\"@context\":\"https:\\\/\\\/schema.org\",\"@graph\":[{\"@type\":\"WebPage\",\"@id\":\"https:\\\/\\\/umbrellacommunitycare.com.au\\\/privacy-policy\\\/\",\"url\":\"https:\\\/\\\/umbrellacommunitycare.com.au\\\/privacy-policy\\\/\",\"name\":\"Privacy Policy - Umbrella Multicultural Community Care Services Inc\",\"isPartOf\":{\"@id\":\"https:\\\/\\\/umbrellacommunitycare.com.au\\\/#website\"},\"datePublished\":\"2025-06-03T04:10:48+00:00\",\"dateModified\":\"2025-08-18T03:52:28+00:00\",\"breadcrumb\":{\"@id\":\"https:\\\/\\\/umbrellacommunitycare.com.au\\\/privacy-policy\\\/#breadcrumb\"},\"inLanguage\":\"pl-PL\",\"potentialAction\":[{\"@type\":\"ReadAction\",\"target\":[\"https:\\\/\\\/umbrellacommunitycare.com.au\\\/privacy-policy\\\/\"]}]},{\"@type\":\"BreadcrumbList\",\"@id\":\"https:\\\/\\\/umbrellacommunitycare.com.au\\\/privacy-policy\\\/#breadcrumb\",\"itemListElement\":[{\"@type\":\"ListItem\",\"position\":1,\"name\":\"Home\",\"item\":\"https:\\\/\\\/umbrellacommunitycare.com.au\\\/\"},{\"@type\":\"ListItem\",\"position\":2,\"name\":\"Privacy Policy\"}]},{\"@type\":\"WebSite\",\"@id\":\"https:\\\/\\\/umbrellacommunitycare.com.au\\\/#website\",\"url\":\"https:\\\/\\\/umbrellacommunitycare.com.au\\\/\",\"name\":\"Umbrella Multicultural Community Care Services Inc\",\"description\":\"\",\"publisher\":{\"@id\":\"https:\\\/\\\/umbrellacommunitycare.com.au\\\/#organization\"},\"potentialAction\":[{\"@type\":\"SearchAction\",\"target\":{\"@type\":\"EntryPoint\",\"urlTemplate\":\"https:\\\/\\\/umbrellacommunitycare.com.au\\\/?s={search_term_string}\"},\"query-input\":{\"@type\":\"PropertyValueSpecification\",\"valueRequired\":true,\"valueName\":\"search_term_string\"}}],\"inLanguage\":\"pl-PL\"},{\"@type\":\"Organization\",\"@id\":\"https:\\\/\\\/umbrellacommunitycare.com.au\\\/#organization\",\"name\":\"Umbrella Multicultural Community Care Services Inc\",\"url\":\"https:\\\/\\\/umbrellacommunitycare.com.au\\\/\",\"logo\":{\"@type\":\"ImageObject\",\"inLanguage\":\"pl-PL\",\"@id\":\"https:\\\/\\\/umbrellacommunitycare.com.au\\\/#\\\/schema\\\/logo\\\/image\\\/\",\"url\":\"https:\\\/\\\/umbrellacommunitycare.com.au\\\/wp-content\\\/uploads\\\/2025\\\/08\\\/organization-logo.jpg\",\"contentUrl\":\"https:\\\/\\\/umbrellacommunitycare.com.au\\\/wp-content\\\/uploads\\\/2025\\\/08\\\/organization-logo.jpg\",\"width\":696,\"height\":696,\"caption\":\"Umbrella Multicultural Community Care Services Inc\"},\"image\":{\"@id\":\"https:\\\/\\\/umbrellacommunitycare.com.au\\\/#\\\/schema\\\/logo\\\/image\\\/\"}}]}<\/script>\n<!-- \/ Yoast SEO plugin. -->","yoast_head_json":{"title":"Polityka prywatno\u015bci - Umbrella Multicultural Community Care Services Inc","robots":{"index":"index","follow":"follow","max-snippet":"max-snippet:-1","max-image-preview":"max-image-preview:large","max-video-preview":"max-video-preview:-1"},"canonical":"https:\/\/umbrellacommunitycare.com.au\/pl\/privacy-policy\/","og_locale":"pl_PL","og_type":"article","og_title":"Privacy Policy - Umbrella Multicultural Community Care Services Inc","og_url":"https:\/\/umbrellacommunitycare.com.au\/pl\/privacy-policy\/","og_site_name":"Umbrella Multicultural Community Care Services Inc","article_modified_time":"2025-08-18T03:52:28+00:00","og_image":[{"width":1200,"height":675,"url":"https:\/\/umbrellacommunitycare.com.au\/wp-content\/uploads\/2025\/08\/site-image.jpg","type":"image\/jpeg"}],"twitter_card":"summary_large_image","twitter_misc":{"Szacowany czas czytania":"2 minuty"},"schema":{"@context":"https:\/\/schema.org","@graph":[{"@type":"WebPage","@id":"https:\/\/umbrellacommunitycare.com.au\/privacy-policy\/","url":"https:\/\/umbrellacommunitycare.com.au\/privacy-policy\/","name":"Polityka prywatno\u015bci - Umbrella Multicultural Community Care Services Inc","isPartOf":{"@id":"https:\/\/umbrellacommunitycare.com.au\/#website"},"datePublished":"2025-06-03T04:10:48+00:00","dateModified":"2025-08-18T03:52:28+00:00","breadcrumb":{"@id":"https:\/\/umbrellacommunitycare.com.au\/privacy-policy\/#breadcrumb"},"inLanguage":"pl-PL","potentialAction":[{"@type":"ReadAction","target":["https:\/\/umbrellacommunitycare.com.au\/privacy-policy\/"]}]},{"@type":"BreadcrumbList","@id":"https:\/\/umbrellacommunitycare.com.au\/privacy-policy\/#breadcrumb","itemListElement":[{"@type":"ListItem","position":1,"name":"Home","item":"https:\/\/umbrellacommunitycare.com.au\/"},{"@type":"ListItem","position":2,"name":"Privacy Policy"}]},{"@type":"WebSite","@id":"https:\/\/umbrellacommunitycare.com.au\/#website","url":"https:\/\/umbrellacommunitycare.com.au\/","name":"Umbrella Multicultural Community Care Services Inc","description":"","publisher":{"@id":"https:\/\/umbrellacommunitycare.com.au\/#organization"},"potentialAction":[{"@type":"SearchAction","target":{"@type":"EntryPoint","urlTemplate":"https:\/\/umbrellacommunitycare.com.au\/?s={search_term_string}"},"query-input":{"@type":"PropertyValueSpecification","valueRequired":true,"valueName":"search_term_string"}}],"inLanguage":"pl-PL"},{"@type":"Organization","@id":"https:\/\/umbrellacommunitycare.com.au\/#organization","name":"Umbrella Multicultural Community Care Services Inc","url":"https:\/\/umbrellacommunitycare.com.au\/","logo":{"@type":"ImageObject","inLanguage":"pl-PL","@id":"https:\/\/umbrellacommunitycare.com.au\/#\/schema\/logo\/image\/","url":"https:\/\/umbrellacommunitycare.com.au\/wp-content\/uploads\/2025\/08\/organization-logo.jpg","contentUrl":"https:\/\/umbrellacommunitycare.com.au\/wp-content\/uploads\/2025\/08\/organization-logo.jpg","width":696,"height":696,"caption":"Umbrella Multicultural Community Care Services Inc"},"image":{"@id":"https:\/\/umbrellacommunitycare.com.au\/#\/schema\/logo\/image\/"}}]}},"_links":{"self":[{"href":"https:\/\/umbrellacommunitycare.com.au\/pl\/wp-json\/wp\/v2\/pages\/355","targetHints":{"allow":["GET"]}}],"collection":[{"href":"https:\/\/umbrellacommunitycare.com.au\/pl\/wp-json\/wp\/v2\/pages"}],"about":[{"href":"https:\/\/umbrellacommunitycare.com.au\/pl\/wp-json\/wp\/v2\/types\/page"}],"author":[{"embeddable":true,"href":"https:\/\/umbrellacommunitycare.com.au\/pl\/wp-json\/wp\/v2\/users\/2"}],"replies":[{"embeddable":true,"href":"https:\/\/umbrellacommunitycare.com.au\/pl\/wp-json\/wp\/v2\/comments?post=355"}],"version-history":[{"count":9,"href":"https:\/\/umbrellacommunitycare.com.au\/pl\/wp-json\/wp\/v2\/pages\/355\/revisions"}],"predecessor-version":[{"id":1616,"href":"https:\/\/umbrellacommunitycare.com.au\/pl\/wp-json\/wp\/v2\/pages\/355\/revisions\/1616"}],"wp:attachment":[{"href":"https:\/\/umbrellacommunitycare.com.au\/pl\/wp-json\/wp\/v2\/media?parent=355"}],"curies":[{"name":"wp","href":"https:\/\/api.w.org\/{rel}","templated":true}]}}